{"id":72,"date":"2026-02-03T15:38:43","date_gmt":"2026-02-03T14:38:43","guid":{"rendered":"https:\/\/benosik2.weekendzturcja.pl\/?post_type=product&#038;p=72"},"modified":"2026-02-03T15:42:08","modified_gmt":"2026-02-03T14:42:08","slug":"pompa-obiegowa-grundfos","status":"publish","type":"product","link":"https:\/\/benosik2.weekendzturcja.pl\/index.php\/produkt\/pompa-obiegowa-grundfos\/","title":{"rendered":"Pompa obiegowa GRUNDFOS"},"content":{"rendered":"<p>Dzi\u0119ki kompaktowej budowie, mo\u017cliwo\u015bci sterowania za pomoc\u0105 sygna\u0142u PWM i pracy w wy\u017cszych temperaturach otoczenia ALPHA1 L nadaje si\u0119 do wi\u0119kszo\u015bci instalacji i urz\u0105dze\u0144 grzewczych wyposa\u017conych w pompy Grundfos. Oznacza to, ze mo\u017cesz \u0142atwo wymieni\u0107 uszkodzon\u0105 lub nieefektywn\u0105 energetycznie pomp\u0119, oszcz\u0119dzaj\u0105c czas i pieni\u0105dze.<\/p>\n<h3>Pompa ALPHA1 L 25-40 180 posiada szereg zalet:<\/h3>\n<ul>\n<li>Trzy sta\u0142e charakterystyki\/ sta\u0142e pr\u0119dko\u015bci obrotowe.<\/li>\n<li>Tryb pracy dla instalacji grzejnikowej<\/li>\n<li>Tryb pracy dla instalacji ogrzewania pod\u0142ogowego.<\/li>\n<li>Mo\u017cliwo\u015bci wsp\u00f3\u0142pracy z urz\u0105dzeniami zewn\u0119trznymi ( np. kocio\u0142 gazowy) za pomoc\u0105 sygna\u0142u PWM o modulowanej szeroko\u015bci impulsu.<\/li>\n<li>Maksymalna wysoko\u015b\u0107 podnoszenia 4 m i maksymalny przep\u0142yw 2,7m3\/h<\/li>\n<li>Niski wska\u017anik efektywno\u015bci energetycznej EEI &lt; 0,20<\/li>\n<li>\u0141atwe i szybkie odblokowania wa\u0142u pompy za pomoc\u0105 \u015bruby znajduj\u0105cej si\u0119 na \u015brodku panelu<\/li>\n<li>Niski poziom ha\u0142asu poni\u017cej 43 dB.<\/li>\n<li>Ceramiczny wa\u0142 zapobiega osiadaniu na nim cz\u0105stek magnetycznych zawartych wodzie grzewczej.<\/li>\n<\/ul>\n","protected":false},"excerpt":{"rendered":"<h5 class=\"name\">Pompa obiegowa C.O. GRUNDFOS ALPHA1 L 25-40 180<\/h5>\n","protected":false},"featured_media":73,"comment_status":"open","ping_status":"closed","template":"","meta":[],"product_brand":[],"product_cat":[16],"product_tag":[],"class_list":{"0":"post-72","1":"product","2":"type-product","3":"status-publish","4":"has-post-thumbnail","6":"product_cat-bez-kategorii","8":"first","9":"instock","10":"sale","11":"taxable","12":"shipping-taxable","13":"purchasable","14":"product-type-simple"},"jetpack_sharing_enabled":true,"_links":{"self":[{"href":"https:\/\/benosik2.weekendzturcja.pl\/index.php\/wp-json\/wp\/v2\/product\/72","targetHints":{"allow":["GET"]}}],"collection":[{"href":"https:\/\/benosik2.weekendzturcja.pl\/index.php\/wp-json\/wp\/v2\/product"}],"about":[{"href":"https:\/\/benosik2.weekendzturcja.pl\/index.php\/wp-json\/wp\/v2\/types\/product"}],"replies":[{"embeddable":true,"href":"https:\/\/benosik2.weekendzturcja.pl\/index.php\/wp-json\/wp\/v2\/comments?post=72"}],"wp:featuredmedia":[{"embeddable":true,"href":"https:\/\/benosik2.weekendzturcja.pl\/index.php\/wp-json\/wp\/v2\/media\/73"}],"wp:attachment":[{"href":"https:\/\/benosik2.weekendzturcja.pl\/index.php\/wp-json\/wp\/v2\/media?parent=72"}],"wp:term":[{"taxonomy":"product_brand","embeddable":true,"href":"https:\/\/benosik2.weekendzturcja.pl\/index.php\/wp-json\/wp\/v2\/product_brand?post=72"},{"taxonomy":"product_cat","embeddable":true,"href":"https:\/\/benosik2.weekendzturcja.pl\/index.php\/wp-json\/wp\/v2\/product_cat?post=72"},{"taxonomy":"product_tag","embeddable":true,"href":"https:\/\/benosik2.weekendzturcja.pl\/index.php\/wp-json\/wp\/v2\/product_tag?post=72"}],"curies":[{"name":"wp","href":"https:\/\/api.w.org\/{rel}","templated":true}]}}