{"id":69,"date":"2026-02-03T15:16:31","date_gmt":"2026-02-03T14:16:31","guid":{"rendered":"https:\/\/benosik2.weekendzturcja.pl\/?post_type=product&#038;p=69"},"modified":"2026-02-03T15:16:31","modified_gmt":"2026-02-03T14:16:31","slug":"pompa-obiegowa","status":"publish","type":"product","link":"https:\/\/benosik2.weekendzturcja.pl\/index.php\/produkt\/pompa-obiegowa\/","title":{"rendered":"Pompa obiegowa"},"content":{"rendered":"<p>Pompa\u00a0<b>Wilo-Atmos PICO<\/b>\u00a0to przede wszystkim postawienie priorytetu na zapewnienie praktyczno\u015bci i wynikaj\u0105cego z niej komfortu \u0142atwo\u015bci i szybko\u015bci monta\u017cu oraz obs\u0142ugi. Do dyspozycji pozostaj\u0105 znane wcze\u015bniej 3 typoszeregi pomp bezd\u0142awnicowych: Wilo-Yonos PICO, Wilo-Varios PICO-STG praz Wilo-Stratos PICO. Wszystkie pompy posiadaj\u0105 wspomniany 5-letni okres gwarancji, a zatem wyb\u00f3r jednej z nich mo\u017cna oprze\u0107 wy\u0142\u0105cznie o oczekiwania techniczne, u\u017cytkowe i ekonomiczne.<\/p>\n","protected":false},"excerpt":{"rendered":"<p>Pompa\u00a0Wilo-Atmos PICO\u00a0to przede wszystkim postawienie priorytetu na zapewnienie praktyczno\u015bci i wynikaj\u0105cego z niej komfortu \u0142atwo\u015bci i szybko\u015bci monta\u017cu oraz obs\u0142ugi. Do dyspozycji pozostaj\u0105 znane wcze\u015bniej 3 typoszeregi pomp bezd\u0142awnicowych: Wilo-Yonos PICO, Wilo-Varios PICO-STG praz Wilo-Stratos PICO. Wszystkie pompy posiadaj\u0105 wspomniany 5-letni okres gwarancji, a zatem wyb\u00f3r jednej z nich mo\u017cna oprze\u0107 wy\u0142\u0105cznie o oczekiwania techniczne, [&hellip;]<\/p>\n","protected":false},"featured_media":70,"comment_status":"open","ping_status":"closed","template":"","meta":[],"product_brand":[],"product_cat":[16],"product_tag":[],"class_list":{"0":"post-69","1":"product","2":"type-product","3":"status-publish","4":"has-post-thumbnail","6":"product_cat-bez-kategorii","8":"first","9":"instock","10":"taxable","11":"shipping-taxable","12":"purchasable","13":"product-type-simple"},"jetpack_sharing_enabled":true,"_links":{"self":[{"href":"https:\/\/benosik2.weekendzturcja.pl\/index.php\/wp-json\/wp\/v2\/product\/69","targetHints":{"allow":["GET"]}}],"collection":[{"href":"https:\/\/benosik2.weekendzturcja.pl\/index.php\/wp-json\/wp\/v2\/product"}],"about":[{"href":"https:\/\/benosik2.weekendzturcja.pl\/index.php\/wp-json\/wp\/v2\/types\/product"}],"replies":[{"embeddable":true,"href":"https:\/\/benosik2.weekendzturcja.pl\/index.php\/wp-json\/wp\/v2\/comments?post=69"}],"wp:featuredmedia":[{"embeddable":true,"href":"https:\/\/benosik2.weekendzturcja.pl\/index.php\/wp-json\/wp\/v2\/media\/70"}],"wp:attachment":[{"href":"https:\/\/benosik2.weekendzturcja.pl\/index.php\/wp-json\/wp\/v2\/media?parent=69"}],"wp:term":[{"taxonomy":"product_brand","embeddable":true,"href":"https:\/\/benosik2.weekendzturcja.pl\/index.php\/wp-json\/wp\/v2\/product_brand?post=69"},{"taxonomy":"product_cat","embeddable":true,"href":"https:\/\/benosik2.weekendzturcja.pl\/index.php\/wp-json\/wp\/v2\/product_cat?post=69"},{"taxonomy":"product_tag","embeddable":true,"href":"https:\/\/benosik2.weekendzturcja.pl\/index.php\/wp-json\/wp\/v2\/product_tag?post=69"}],"curies":[{"name":"wp","href":"https:\/\/api.w.org\/{rel}","templated":true}]}}