{"id":66,"date":"2026-02-03T14:58:13","date_gmt":"2026-02-03T13:58:13","guid":{"rendered":"https:\/\/benosik2.weekendzturcja.pl\/?post_type=product&#038;p=66"},"modified":"2026-02-03T15:01:22","modified_gmt":"2026-02-03T14:01:22","slug":"radiatory","status":"publish","type":"product","link":"https:\/\/benosik2.weekendzturcja.pl\/index.php\/produkt\/radiatory\/","title":{"rendered":"Radiatory"},"content":{"rendered":"<p>Radiatory (grzejniki) Kermi to wysokiej jako\u015bci, stalowe urz\u0105dzenia grzewcze, znane z efektywno\u015bci, trwa\u0142o\u015bci i nowoczesnego designu. Oferuj\u0105 modele kompaktowe (np.\u00a0<span data-processed=\"true\"><a class=\"H23r4e\" href=\"https:\/\/www.morele.net\/radiator-kermi-profil-kompakt-22-500-x-600-fko220506-side-connection-15039365\/\" target=\"_blank\" rel=\"noopener\" data-processed=\"true\">Profil Kompakt 22<\/a><\/span>), p\u0142ytowe, a tak\u017ce dekoracyjne i rurowe, charakteryzuj\u0105ce si\u0119 ci\u015bnieniem roboczym 10 bar, bia\u0142ym kolorem RAL9016 oraz wszechstronnym zastosowaniem w modernizacji i nowym budownictwie.<span class=\"uJ19be notranslate\" data-wiz-uids=\"gCtguf_c,gCtguf_d\" data-processed=\"true\"><span class=\"vKEkVd\" data-animation-atomic=\"\" data-wiz-attrbind=\"class=gCtguf_b\/TKHnVd\" data-processed=\"true\"><span aria-hidden=\"true\" data-processed=\"true\">\u00a0<\/span><\/span><\/span><\/p>\n","protected":false},"excerpt":{"rendered":"<p>Radiatory (grzejniki) Kermi to wysokiej jako\u015bci<\/p>\n","protected":false},"featured_media":64,"comment_status":"open","ping_status":"closed","template":"","meta":[],"product_brand":[],"product_cat":[17],"product_tag":[],"class_list":{"0":"post-66","1":"product","2":"type-product","3":"status-publish","4":"has-post-thumbnail","6":"product_cat-radiatory","8":"first","9":"instock","10":"sale","11":"taxable","12":"shipping-taxable","13":"purchasable","14":"product-type-simple"},"jetpack_sharing_enabled":true,"_links":{"self":[{"href":"https:\/\/benosik2.weekendzturcja.pl\/index.php\/wp-json\/wp\/v2\/product\/66","targetHints":{"allow":["GET"]}}],"collection":[{"href":"https:\/\/benosik2.weekendzturcja.pl\/index.php\/wp-json\/wp\/v2\/product"}],"about":[{"href":"https:\/\/benosik2.weekendzturcja.pl\/index.php\/wp-json\/wp\/v2\/types\/product"}],"replies":[{"embeddable":true,"href":"https:\/\/benosik2.weekendzturcja.pl\/index.php\/wp-json\/wp\/v2\/comments?post=66"}],"wp:featuredmedia":[{"embeddable":true,"href":"https:\/\/benosik2.weekendzturcja.pl\/index.php\/wp-json\/wp\/v2\/media\/64"}],"wp:attachment":[{"href":"https:\/\/benosik2.weekendzturcja.pl\/index.php\/wp-json\/wp\/v2\/media?parent=66"}],"wp:term":[{"taxonomy":"product_brand","embeddable":true,"href":"https:\/\/benosik2.weekendzturcja.pl\/index.php\/wp-json\/wp\/v2\/product_brand?post=66"},{"taxonomy":"product_cat","embeddable":true,"href":"https:\/\/benosik2.weekendzturcja.pl\/index.php\/wp-json\/wp\/v2\/product_cat?post=66"},{"taxonomy":"product_tag","embeddable":true,"href":"https:\/\/benosik2.weekendzturcja.pl\/index.php\/wp-json\/wp\/v2\/product_tag?post=66"}],"curies":[{"name":"wp","href":"https:\/\/api.w.org\/{rel}","templated":true}]}}